{"id":92,"date":"2024-03-12T15:26:58","date_gmt":"2024-03-12T15:26:58","guid":{"rendered":"https:\/\/haim.ee\/?page_id=92"},"modified":"2025-03-26T15:11:57","modified_gmt":"2025-03-26T15:11:57","slug":"pigments","status":"publish","type":"page","link":"https:\/\/haim.ee\/en\/pigments\/","title":{"rendered":"Pigments"},"content":{"rendered":"<div data-elementor-type=\"wp-page\" data-elementor-id=\"92\" class=\"elementor elementor-92\">\n\t\t\t\t\t\t<section class=\"elementor-section elementor-top-section elementor-element elementor-element-e53f39d elementor-section-content-middle elementor-reverse-mobile elementor-section-boxed elementor-section-height-default elementor-section-height-default\" data-id=\"e53f39d\" data-element_type=\"section\" data-e-type=\"section\" data-settings=\"{&quot;background_background&quot;:&quot;classic&quot;}\">\n\t\t\t\t\t\t<div class=\"elementor-container elementor-column-gap-no\">\n\t\t\t\t\t<div class=\"elementor-column elementor-col-50 elementor-top-column elementor-element elementor-element-56d7101d\" data-id=\"56d7101d\" data-element_type=\"column\" data-e-type=\"column\">\n\t\t\t<div class=\"elementor-widget-wrap elementor-element-populated\">\n\t\t\t\t\t\t<div class=\"elementor-element elementor-element-5d8684d elementor-widget elementor-widget-text-editor\" data-id=\"5d8684d\" data-element_type=\"widget\" data-e-type=\"widget\" data-widget_type=\"text-editor.default\">\n\t\t\t\t<div class=\"elementor-widget-container\">\n\t\t\t\t\t\t\t\t\t<h1 style=\"text-align: center;\">PIGMENDID<\/h1>\t\t\t\t\t\t\t\t<\/div>\n\t\t\t\t<\/div>\n\t\t\t\t<div class=\"elementor-element elementor-element-e473cf8 elementor-widget elementor-widget-text-editor\" data-id=\"e473cf8\" data-element_type=\"widget\" data-e-type=\"widget\" data-widget_type=\"text-editor.default\">\n\t\t\t\t<div class=\"elementor-widget-container\">\n\t\t\t\t\t\t\t\t\t<h2 style=\"text-align: center;\">We tone our products with a variety of mineral pigments, metal oxides and safe synthetic pigments.<\/h2>\t\t\t\t\t\t\t\t<\/div>\n\t\t\t\t<\/div>\n\t\t\t\t<div class=\"elementor-element elementor-element-342ad7a elementor-widget elementor-widget-text-editor\" data-id=\"342ad7a\" data-element_type=\"widget\" data-e-type=\"widget\" data-widget_type=\"text-editor.default\">\n\t\t\t\t<div class=\"elementor-widget-container\">\n\t\t\t\t\t\t\t\t\t<p><span style=\"font-weight: 400;\">We offer a wide range of mineral pigments, metal oxides, and safe synthetic pigments with which we tint our products. All our pigments are lime-resistant, fade-resistant, and mixable. They are also non-toxic and can be used to paint children's toys.<\/span><\/p>\t\t\t\t\t\t\t\t<\/div>\n\t\t\t\t<\/div>\n\t\t\t\t\t<\/div>\n\t\t<\/div>\n\t\t\t\t<div class=\"elementor-column elementor-col-50 elementor-top-column elementor-element elementor-element-f435608\" data-id=\"f435608\" data-element_type=\"column\" data-e-type=\"column\">\n\t\t\t<div class=\"elementor-widget-wrap elementor-element-populated\">\n\t\t\t\t\t\t<div class=\"elementor-element elementor-element-4330bed1 elementor-widget elementor-widget-image\" data-id=\"4330bed1\" data-element_type=\"widget\" data-e-type=\"widget\" data-widget_type=\"image.default\">\n\t\t\t\t<div class=\"elementor-widget-container\">\n\t\t\t\t\t\t\t\t\t\t\t\t\t\t\t<img data-opt-id=515025924  fetchpriority=\"high\" decoding=\"async\" width=\"2048\" height=\"2560\" src=\"https:\/\/mlmucukjyiv0.i.optimole.com\/w:864\/h:1080\/q:mauto\/ig:avif\/https:\/\/haim.ee\/wp-content\/uploads\/2025\/03\/IMG_1460-scaled.jpg\" class=\"attachment-medium_large size-medium_large wp-image-2366\" alt=\"\" srcset=\"https:\/\/mlmucukjyiv0.i.optimole.com\/w:864\/h:1080\/q:mauto\/ig:avif\/https:\/\/haim.ee\/wp-content\/uploads\/2025\/03\/IMG_1460-scaled.jpg 2048w, https:\/\/mlmucukjyiv0.i.optimole.com\/w:480\/h:600\/q:mauto\/ig:avif\/https:\/\/haim.ee\/wp-content\/uploads\/2025\/03\/IMG_1460-scaled.jpg 480w, https:\/\/mlmucukjyiv0.i.optimole.com\/w:863\/h:1080\/q:mauto\/ig:avif\/https:\/\/haim.ee\/wp-content\/uploads\/2025\/03\/IMG_1460-scaled.jpg 1680w, https:\/\/mlmucukjyiv0.i.optimole.com\/w:768\/h:960\/q:mauto\/ig:avif\/https:\/\/haim.ee\/wp-content\/uploads\/2025\/03\/IMG_1460-scaled.jpg 768w, https:\/\/mlmucukjyiv0.i.optimole.com\/w:864\/h:1080\/q:mauto\/ig:avif\/https:\/\/haim.ee\/wp-content\/uploads\/2025\/03\/IMG_1460-scaled.jpg 1229w, https:\/\/mlmucukjyiv0.i.optimole.com\/w:863\/h:1080\/q:mauto\/ig:avif\/https:\/\/haim.ee\/wp-content\/uploads\/2025\/03\/IMG_1460-scaled.jpg 1638w, https:\/\/mlmucukjyiv0.i.optimole.com\/w:10\/h:12\/q:mauto\/ig:avif\/dpr:2\/https:\/\/haim.ee\/wp-content\/uploads\/2025\/03\/IMG_1460-scaled.jpg 10w, https:\/\/mlmucukjyiv0.i.optimole.com\/w:600\/h:750\/q:mauto\/ig:avif\/https:\/\/haim.ee\/wp-content\/uploads\/2025\/03\/IMG_1460-scaled.jpg 600w\" sizes=\"(max-width: 1340px) 100vw, 1340px\" \/>\t\t\t\t\t\t\t\t\t\t\t\t\t\t\t<\/div>\n\t\t\t\t<\/div>\n\t\t\t\t\t<\/div>\n\t\t<\/div>\n\t\t\t\t\t<\/div>\n\t\t<\/section>\n\t\t\t\t<\/div>","protected":false},"excerpt":{"rendered":"<p>PIGMENTS We tone our products with a variety of mineral pigments, metal oxides and safe synthetic pigments. We offer a wide range of mineral pigments, metal oxides and safe synthetic pigments to tint our products. All our pigments are lime resistant, stain resistant and intermixable. Our pigments are non-toxic and can be used to colour children's toys.<\/p>","protected":false},"author":1,"featured_media":0,"parent":0,"menu_order":0,"comment_status":"closed","ping_status":"closed","template":"elementor_header_footer","meta":{"om_disable_all_campaigns":false,"_uag_custom_page_level_css":"","_monsterinsights_skip_tracking":false,"_monsterinsights_sitenote_active":false,"_monsterinsights_sitenote_note":"","_monsterinsights_sitenote_category":0,"_uf_show_specific_survey":0,"_uf_disable_surveys":false,"site-sidebar-layout":"default","site-content-layout":"","ast-site-content-layout":"default","site-content-style":"default","site-sidebar-style":"default","ast-global-header-display":"","ast-banner-title-visibility":"","ast-main-header-display":"","ast-hfb-above-header-display":"","ast-hfb-below-header-display":"","ast-hfb-mobile-header-display":"","site-post-title":"","ast-breadcrumbs-content":"","ast-featured-img":"","footer-sml-layout":"","ast-disable-related-posts":"","theme-transparent-header-meta":"","adv-header-id-meta":"","stick-header-meta":"","header-above-stick-meta":"","header-main-stick-meta":"","header-below-stick-meta":"","astra-migrate-meta-layouts":"set","ast-page-background-enabled":"default","ast-page-background-meta":{"desktop":{"background-color":"var(--ast-global-color-4)","background-image":"","background-repeat":"repeat","background-position":"center center","background-size":"auto","background-attachment":"scroll","background-type":"","background-media":"","overlay-type":"","overlay-color":"","overlay-opacity":"","overlay-gradient":""},"tablet":{"background-color":"","background-image":"","background-repeat":"repeat","background-position":"center center","background-size":"auto","background-attachment":"scroll","background-type":"","background-media":"","overlay-type":"","overlay-color":"","overlay-opacity":"","overlay-gradient":""},"mobile":{"background-color":"","background-image":"","background-repeat":"repeat","background-position":"center center","background-size":"auto","background-attachment":"scroll","background-type":"","background-media":"","overlay-type":"","overlay-color":"","overlay-opacity":"","overlay-gradient":""}},"ast-content-background-meta":{"desktop":{"background-color":"var(--ast-global-color-5)","background-image":"","background-repeat":"repeat","background-position":"center center","background-size":"auto","background-attachment":"scroll","background-type":"","background-media":"","overlay-type":"","overlay-color":"","overlay-opacity":"","overlay-gradient":""},"tablet":{"background-color":"var(--ast-global-color-5)","background-image":"","background-repeat":"repeat","background-position":"center center","background-size":"auto","background-attachment":"scroll","background-type":"","background-media":"","overlay-type":"","overlay-color":"","overlay-opacity":"","overlay-gradient":""},"mobile":{"background-color":"var(--ast-global-color-5)","background-image":"","background-repeat":"repeat","background-position":"center center","background-size":"auto","background-attachment":"scroll","background-type":"","background-media":"","overlay-type":"","overlay-color":"","overlay-opacity":"","overlay-gradient":""}},"_themeisle_gutenberg_block_has_review":false,"footnotes":""},"class_list":["post-92","page","type-page","status-publish","hentry"],"aioseo_notices":[],"spectra_custom_meta":{"_edit_lock":["1743002510:1"],"_edit_last":["1"],"_aioseo_title":[null],"_aioseo_description":["Pakume laias valikus mineraalpigmente, metallioksiidide ning ohutuid s\u00fcnteetilisi pigmente, millega toonime enda pakutavaid tooteid."],"_aioseo_keywords":["a:0:{}"],"_aioseo_og_title":[null],"_aioseo_og_description":[null],"_aioseo_og_article_section":[""],"_aioseo_og_article_tags":["a:0:{}"],"_aioseo_twitter_title":[null],"_aioseo_twitter_description":[null],"litespeed_vpi_list":["a:4:{i:0;s:6:\"et.png\";i:1;s:18:\"HAIM-LOGO-dark.png\";i:2;s:32:\"photo-1585155770447-2f66e2a397b5\";i:3;s:9:\"pigmendid\";}"],"_elementor_edit_mode":["builder"],"_elementor_template_type":["wp-page"],"_elementor_version":["3.28.1"],"_wp_page_template":["elementor_header_footer"],"_elementor_data":["[{\"id\":\"e53f39d\",\"elType\":\"section\",\"settings\":{\"gap\":\"no\",\"content_position\":\"middle\",\"structure\":\"20\",\"border_width\":{\"unit\":\"px\",\"top\":\"0\",\"right\":\"0\",\"bottom\":\"1\",\"left\":\"0\",\"isLinked\":false},\"padding\":{\"unit\":\"px\",\"top\":\"80\",\"right\":\"0\",\"bottom\":\"80\",\"left\":\"0\",\"isLinked\":false},\"padding_tablet\":{\"unit\":\"px\",\"top\":\"50\",\"right\":\"35\",\"bottom\":\"50\",\"left\":\"35\",\"isLinked\":false},\"padding_mobile\":{\"unit\":\"px\",\"top\":\"50\",\"right\":\"25\",\"bottom\":\"50\",\"left\":\"25\",\"isLinked\":false},\"reverse_order_mobile\":\"reverse-mobile\",\"background_background\":\"classic\",\"background_color\":\"#FFFFFF\",\"display_condition_list\":[{\"display_condition_login_status\":\"subscriber\",\"_id\":\"1f761dd\"}]},\"elements\":[{\"id\":\"56d7101d\",\"elType\":\"column\",\"settings\":{\"_column_size\":50,\"_inline_size\":null,\"margin\":{\"unit\":\"px\",\"top\":\"0\",\"right\":\"50\",\"bottom\":\"0\",\"left\":\"50\",\"isLinked\":false},\"margin_mobile\":{\"unit\":\"px\",\"top\":\"30\",\"right\":\"0\",\"bottom\":\"0\",\"left\":\"0\",\"isLinked\":false},\"padding_tablet\":{\"unit\":\"px\",\"top\":\"0\",\"right\":\"0\",\"bottom\":\"0\",\"left\":\"0\",\"isLinked\":false},\"padding_mobile\":{\"unit\":\"px\",\"top\":\"0\",\"right\":\"0\",\"bottom\":\"0\",\"left\":\"0\",\"isLinked\":false},\"margin_tablet\":{\"unit\":\"px\",\"top\":\"0\",\"right\":\"30\",\"bottom\":\"0\",\"left\":\"0\",\"isLinked\":false},\"display_condition_list\":[{\"display_condition_login_status\":\"subscriber\",\"_id\":\"d60207e\"}]},\"elements\":[{\"id\":\"5d8684d\",\"elType\":\"widget\",\"settings\":{\"editor\":\"<h1 style=\\\"text-align: center;\\\">PIGMENDID<\\\/h1>\",\"align\":\"center\",\"display_condition_list\":[{\"display_condition_login_status\":\"subscriber\",\"_id\":\"be226ad\"}]},\"elements\":[],\"widgetType\":\"text-editor\"},{\"id\":\"e473cf8\",\"elType\":\"widget\",\"settings\":{\"editor\":\"<h2 style=\\\"text-align: center;\\\">Toonime oma tooteid erinevate mineraalpigmentide, metallioksiidide ja ohutute s\\u00fcnteetiliste pigmentidega.<\\\/h2>\",\"align\":\"center\",\"display_condition_list\":[{\"display_condition_login_status\":\"subscriber\",\"_id\":\"be226ad\"}]},\"elements\":[],\"widgetType\":\"text-editor\"},{\"id\":\"342ad7a\",\"elType\":\"widget\",\"settings\":{\"editor\":\"<p><span style=\\\"font-weight: 400;\\\">Pakume laias valikus mineraalpigmente, metallioksiidide ning ohutuid s\\u00fcnteetilisi pigmente, millega toonime enda pakutavaid tooteid. K\\u00f5ik meie pigmendid on lubjakindlad, pleekimiskindlad ning omavahel segatavad. Meie pigmendid pole m\\u00fcrgised ning neid on lubatud kasutada laste m\\u00e4nguasjade v\\u00e4rvimiseks.<\\\/span><\\\/p>\",\"align\":\"center\",\"display_condition_list\":[{\"display_condition_login_status\":\"subscriber\",\"_id\":\"be226ad\"}]},\"elements\":[],\"widgetType\":\"text-editor\"}],\"isInner\":false},{\"id\":\"f435608\",\"elType\":\"column\",\"settings\":{\"_column_size\":50,\"_inline_size\":null,\"space_between_widgets\":0,\"display_condition_list\":[{\"display_condition_login_status\":\"subscriber\",\"_id\":\"535bfc4\"}]},\"elements\":[{\"id\":\"4330bed1\",\"elType\":\"widget\",\"settings\":{\"image\":{\"url\":\"https:\\/\\/haim.ee\\/wp-content\\/uploads\\/2025\\/03\\/IMG_1460-scaled.jpg\",\"id\":2366,\"alt\":\"\",\"source\":\"library\",\"size\":\"\"},\"width\":{\"unit\":\"%\",\"size\":60,\"sizes\":[]},\"_padding_tablet\":{\"unit\":\"px\",\"top\":\"0\",\"right\":\"0\",\"bottom\":\"0\",\"left\":\"0\",\"isLinked\":true},\"_padding_mobile\":{\"unit\":\"px\",\"top\":\"50\",\"right\":\"0\",\"bottom\":\"50\",\"left\":\"0\",\"isLinked\":false},\"image_size\":\"medium_large\",\"display_condition_list\":[{\"display_condition_login_status\":\"subscriber\",\"_id\":\"a21ec7d\"}]},\"elements\":[],\"widgetType\":\"image\"}],\"isInner\":false}],\"isInner\":false}]"],"_g_feedback_shortcode_fc518978e3731d763621c05ccf196bebd4dbdaf8":["\n\t\t\t\t[contact-field label=\"Name\" type=\"name\"  required=\"true\" \/]\n\t\t\t\t[contact-field label=\"Email\" type=\"email\" required=\"true\" \/]\n\t\t\t\t[contact-field label=\"Website\" type=\"url\" \/]\n\t\t\t\t[contact-field label=\"Message\" type=\"textarea\" \/]"],"_g_feedback_shortcode_atts_fc518978e3731d763621c05ccf196bebd4dbdaf8":["a:17:{s:2:\"to\";s:18:\"tellimused@haim.ee\";s:7:\"subject\";s:33:\"[Haim viimistlussalong] Pigmendid\";s:12:\"show_subject\";s:2:\"no\";s:6:\"widget\";i:0;s:14:\"block_template\";N;s:19:\"block_template_part\";N;s:2:\"id\";i:92;s:18:\"submit_button_text\";s:6:\"Submit\";s:14:\"customThankyou\";s:0:\"\";s:21:\"customThankyouHeading\";s:26:\"Your message has been sent\";s:21:\"customThankyouMessage\";s:30:\"Thank you for your submission!\";s:22:\"customThankyouRedirect\";s:0:\"\";s:10:\"jetpackCRM\";b:1;s:9:\"className\";N;s:9:\"postToUrl\";N;s:14:\"salesforceData\";N;s:12:\"hiddenFields\";N;}"],"om_disable_all_campaigns":[""],"_uag_custom_page_level_css":[""],"_monsterinsights_skip_tracking":[""],"_monsterinsights_sitenote_active":[""],"_uf_show_specific_survey":["0"],"_uf_disable_surveys":[""],"site-sidebar-layout":["default"],"site-content-layout":[""],"ast-site-content-layout":["default"],"site-content-style":["default"],"site-sidebar-style":["default"],"ast-global-header-display":[""],"ast-banner-title-visibility":[""],"ast-main-header-display":[""],"ast-hfb-above-header-display":[""],"ast-hfb-below-header-display":[""],"ast-hfb-mobile-header-display":[""],"site-post-title":[""],"ast-breadcrumbs-content":[""],"ast-featured-img":[""],"footer-sml-layout":[""],"theme-transparent-header-meta":[""],"adv-header-id-meta":[""],"stick-header-meta":[""],"header-above-stick-meta":[""],"header-main-stick-meta":[""],"header-below-stick-meta":[""],"astra-migrate-meta-layouts":["set"],"ast-page-background-enabled":["default"],"ast-page-background-meta":["a:3:{s:7:\"desktop\";a:12:{s:16:\"background-color\";s:25:\"var(--ast-global-color-4)\";s:16:\"background-image\";s:0:\"\";s:17:\"background-repeat\";s:6:\"repeat\";s:19:\"background-position\";s:13:\"center center\";s:15:\"background-size\";s:4:\"auto\";s:21:\"background-attachment\";s:6:\"scroll\";s:15:\"background-type\";s:0:\"\";s:16:\"background-media\";s:0:\"\";s:12:\"overlay-type\";s:0:\"\";s:13:\"overlay-color\";s:0:\"\";s:15:\"overlay-opacity\";s:0:\"\";s:16:\"overlay-gradient\";s:0:\"\";}s:6:\"tablet\";a:12:{s:16:\"background-color\";s:0:\"\";s:16:\"background-image\";s:0:\"\";s:17:\"background-repeat\";s:6:\"repeat\";s:19:\"background-position\";s:13:\"center center\";s:15:\"background-size\";s:4:\"auto\";s:21:\"background-attachment\";s:6:\"scroll\";s:15:\"background-type\";s:0:\"\";s:16:\"background-media\";s:0:\"\";s:12:\"overlay-type\";s:0:\"\";s:13:\"overlay-color\";s:0:\"\";s:15:\"overlay-opacity\";s:0:\"\";s:16:\"overlay-gradient\";s:0:\"\";}s:6:\"mobile\";a:12:{s:16:\"background-color\";s:0:\"\";s:16:\"background-image\";s:0:\"\";s:17:\"background-repeat\";s:6:\"repeat\";s:19:\"background-position\";s:13:\"center center\";s:15:\"background-size\";s:4:\"auto\";s:21:\"background-attachment\";s:6:\"scroll\";s:15:\"background-type\";s:0:\"\";s:16:\"background-media\";s:0:\"\";s:12:\"overlay-type\";s:0:\"\";s:13:\"overlay-color\";s:0:\"\";s:15:\"overlay-opacity\";s:0:\"\";s:16:\"overlay-gradient\";s:0:\"\";}}"],"ast-content-background-meta":["a:3:{s:7:\"desktop\";a:12:{s:16:\"background-color\";s:25:\"var(--ast-global-color-5)\";s:16:\"background-image\";s:0:\"\";s:17:\"background-repeat\";s:6:\"repeat\";s:19:\"background-position\";s:13:\"center center\";s:15:\"background-size\";s:4:\"auto\";s:21:\"background-attachment\";s:6:\"scroll\";s:15:\"background-type\";s:0:\"\";s:16:\"background-media\";s:0:\"\";s:12:\"overlay-type\";s:0:\"\";s:13:\"overlay-color\";s:0:\"\";s:15:\"overlay-opacity\";s:0:\"\";s:16:\"overlay-gradient\";s:0:\"\";}s:6:\"tablet\";a:12:{s:16:\"background-color\";s:25:\"var(--ast-global-color-5)\";s:16:\"background-image\";s:0:\"\";s:17:\"background-repeat\";s:6:\"repeat\";s:19:\"background-position\";s:13:\"center center\";s:15:\"background-size\";s:4:\"auto\";s:21:\"background-attachment\";s:6:\"scroll\";s:15:\"background-type\";s:0:\"\";s:16:\"background-media\";s:0:\"\";s:12:\"overlay-type\";s:0:\"\";s:13:\"overlay-color\";s:0:\"\";s:15:\"overlay-opacity\";s:0:\"\";s:16:\"overlay-gradient\";s:0:\"\";}s:6:\"mobile\";a:12:{s:16:\"background-color\";s:25:\"var(--ast-global-color-5)\";s:16:\"background-image\";s:0:\"\";s:17:\"background-repeat\";s:6:\"repeat\";s:19:\"background-position\";s:13:\"center center\";s:15:\"background-size\";s:4:\"auto\";s:21:\"background-attachment\";s:6:\"scroll\";s:15:\"background-type\";s:0:\"\";s:16:\"background-media\";s:0:\"\";s:12:\"overlay-type\";s:0:\"\";s:13:\"overlay-color\";s:0:\"\";s:15:\"overlay-opacity\";s:0:\"\";s:16:\"overlay-gradient\";s:0:\"\";}}"],"_themeisle_gutenberg_block_has_review":[""],"made_with_extendify_launch":[""],"footnotes":[""],"_elementor_controls_usage":["a:4:{s:11:\"text-editor\";a:3:{s:5:\"count\";i:3;s:15:\"control_percent\";i:1;s:8:\"controls\";a:1:{s:7:\"content\";a:2:{s:14:\"section_editor\";a:1:{s:6:\"editor\";i:3;}s:26:\"display_conditions_section\";a:1:{s:22:\"display_condition_list\";i:3;}}}}s:6:\"column\";a:3:{s:5:\"count\";i:2;s:15:\"control_percent\";i:1;s:8:\"controls\";a:1:{s:7:\"content\";a:1:{s:26:\"display_conditions_section\";a:1:{s:22:\"display_condition_list\";i:2;}}}}s:5:\"image\";a:3:{s:5:\"count\";i:1;s:15:\"control_percent\";i:2;s:8:\"controls\";a:1:{s:7:\"content\";a:2:{s:13:\"section_image\";a:2:{s:5:\"image\";i:1;s:10:\"image_size\";i:1;}s:26:\"display_conditions_section\";a:1:{s:22:\"display_condition_list\";i:1;}}}}s:7:\"section\";a:3:{s:5:\"count\";i:1;s:15:\"control_percent\";i:4;s:8:\"controls\";a:1:{s:7:\"content\";a:5:{s:14:\"section_layout\";a:2:{s:3:\"gap\";i:1;s:16:\"content_position\";i:1;}s:17:\"section_structure\";a:1:{s:9:\"structure\";i:1;}s:19:\"_section_responsive\";a:1:{s:20:\"reverse_order_mobile\";i:1;}s:18:\"section_background\";a:2:{s:21:\"background_background\";i:1;s:16:\"background_color\";i:1;}s:26:\"display_conditions_section\";a:1:{s:22:\"display_condition_list\";i:1;}}}}}"],"_uag_css_file_name":["uag-css-92.css"],"_uag_js_file_name":["uag-js-92.js"],"_elementor_page_assets":["a:2:{s:7:\"scripts\";a:1:{i:0;s:18:\"elementor-frontend\";}s:6:\"styles\";a:1:{i:0;s:12:\"widget-image\";}}"],"_elementor_css":["a:6:{s:4:\"time\";i:1777952661;s:5:\"fonts\";a:0:{}s:5:\"icons\";a:0:{}s:20:\"dynamic_elements_ids\";a:0:{}s:6:\"status\";s:4:\"file\";i:0;s:0:\"\";}"],"_elementor_element_cache":["{\"timeout\":1778039061,\"value\":{\"content\":\"\\t\\t<section class=\\\"elementor-section elementor-top-section elementor-element elementor-element-e53f39d elementor-section-content-middle elementor-reverse-mobile elementor-section-boxed elementor-section-height-default elementor-section-height-default\\\" data-id=\\\"e53f39d\\\" data-element_type=\\\"section\\\" data-e-type=\\\"section\\\" data-settings=\\\"{&quot;background_background&quot;:&quot;classic&quot;}\\\">\\n\\t\\t\\t\\t\\t\\t<div class=\\\"elementor-container elementor-column-gap-no\\\">\\n\\t\\t\\t\\t\\t<div class=\\\"elementor-column elementor-col-50 elementor-top-column elementor-element elementor-element-56d7101d\\\" data-id=\\\"56d7101d\\\" data-element_type=\\\"column\\\" data-e-type=\\\"column\\\">\\n\\t\\t\\t<div class=\\\"elementor-widget-wrap elementor-element-populated\\\">\\n\\t\\t\\t\\t[elementor-element k=\\\"e44cd127bb90215cb5b2bab1a183c977\\\" data=\\\"eyJpZCI6IjVkODY4NGQiLCJlbFR5cGUiOiJ3aWRnZXQiLCJzZXR0aW5ncyI6eyJlZGl0b3IiOiI8aDEgc3R5bGU9XCJ0ZXh0LWFsaWduOiBjZW50ZXI7XCI+UElHTUVORElEPFwvaDE+IiwiYWxpZ24iOiJjZW50ZXIiLCJkaXNwbGF5X2NvbmRpdGlvbl9saXN0IjpbeyJkaXNwbGF5X2NvbmRpdGlvbl9sb2dpbl9zdGF0dXMiOiJzdWJzY3JpYmVyIiwiX2lkIjoiYmUyMjZhZCJ9XX0sImVsZW1lbnRzIjpbXSwid2lkZ2V0VHlwZSI6InRleHQtZWRpdG9yIn0=\\\"][elementor-element k=\\\"e44cd127bb90215cb5b2bab1a183c977\\\" data=\\\"eyJpZCI6ImU0NzNjZjgiLCJlbFR5cGUiOiJ3aWRnZXQiLCJzZXR0aW5ncyI6eyJlZGl0b3IiOiI8aDIgc3R5bGU9XCJ0ZXh0LWFsaWduOiBjZW50ZXI7XCI+VG9vbmltZSBvbWEgdG9vdGVpZCBlcmluZXZhdGUgbWluZXJhYWxwaWdtZW50aWRlLCBtZXRhbGxpb2tzaWlkaWRlIGphIG9odXR1dGUgc1x1MDBmY250ZWV0aWxpc3RlIHBpZ21lbnRpZGVnYS48XC9oMj4iLCJhbGlnbiI6ImNlbnRlciIsImRpc3BsYXlfY29uZGl0aW9uX2xpc3QiOlt7ImRpc3BsYXlfY29uZGl0aW9uX2xvZ2luX3N0YXR1cyI6InN1YnNjcmliZXIiLCJfaWQiOiJiZTIyNmFkIn1dfSwiZWxlbWVudHMiOltdLCJ3aWRnZXRUeXBlIjoidGV4dC1lZGl0b3IifQ==\\\"][elementor-element k=\\\"e44cd127bb90215cb5b2bab1a183c977\\\" data=\\\"eyJpZCI6IjM0MmFkN2EiLCJlbFR5cGUiOiJ3aWRnZXQiLCJzZXR0aW5ncyI6eyJlZGl0b3IiOiI8cD48c3BhbiBzdHlsZT1cImZvbnQtd2VpZ2h0OiA0MDA7XCI+UGFrdW1lIGxhaWFzIHZhbGlrdXMgbWluZXJhYWxwaWdtZW50ZSwgbWV0YWxsaW9rc2lpZGlkZSBuaW5nIG9odXR1aWQgc1x1MDBmY250ZWV0aWxpc2kgcGlnbWVudGUsIG1pbGxlZ2EgdG9vbmltZSBlbmRhIHBha3V0YXZhaWQgdG9vdGVpZC4gS1x1MDBmNWlrIG1laWUgcGlnbWVuZGlkIG9uIGx1Ympha2luZGxhZCwgcGxlZWtpbWlza2luZGxhZCBuaW5nIG9tYXZhaGVsIHNlZ2F0YXZhZC4gTWVpZSBwaWdtZW5kaWQgcG9sZSBtXHUwMGZjcmdpc2VkIG5pbmcgbmVpZCBvbiBsdWJhdHVkIGthc3V0YWRhIGxhc3RlIG1cdTAwZTRuZ3Vhc2phZGUgdlx1MDBlNHJ2aW1pc2Vrcy48XC9zcGFuPjxcL3A+IiwiYWxpZ24iOiJjZW50ZXIiLCJkaXNwbGF5X2NvbmRpdGlvbl9saXN0IjpbeyJkaXNwbGF5X2NvbmRpdGlvbl9sb2dpbl9zdGF0dXMiOiJzdWJzY3JpYmVyIiwiX2lkIjoiYmUyMjZhZCJ9XX0sImVsZW1lbnRzIjpbXSwid2lkZ2V0VHlwZSI6InRleHQtZWRpdG9yIn0=\\\"]\\t\\t\\t<\\\/div>\\n\\t\\t<\\\/div>\\n\\t\\t\\t\\t<div class=\\\"elementor-column elementor-col-50 elementor-top-column elementor-element elementor-element-f435608\\\" data-id=\\\"f435608\\\" data-element_type=\\\"column\\\" data-e-type=\\\"column\\\">\\n\\t\\t\\t<div class=\\\"elementor-widget-wrap elementor-element-populated\\\">\\n\\t\\t\\t\\t\\t\\t<div class=\\\"elementor-element elementor-element-4330bed1 elementor-widget elementor-widget-image\\\" data-id=\\\"4330bed1\\\" data-element_type=\\\"widget\\\" data-e-type=\\\"widget\\\" data-widget_type=\\\"image.default\\\">\\n\\t\\t\\t\\t<div class=\\\"elementor-widget-container\\\">\\n\\t\\t\\t\\t\\t\\t\\t\\t\\t\\t\\t\\t\\t\\t\\t<img decoding=async data-opt-id=375141924  fetchpriority=\"high\" width=\\\"2048\\\" height=\\\"2560\\\" src=\\\"https:\/\/mlmucukjyiv0.i.optimole.com\/w:864\/h:1080\/q:mauto\/ig:avif\/https:\/\/haim.ee\/wp-content\/uploads\/2025\/03\/IMG_1460-scaled.jpg\\\" class=\\\"attachment-medium_large size-medium_large wp-image-2366\\\" alt=\\\"\\\" srcset=\\\"https:\/\/mlmucukjyiv0.i.optimole.com\/w:864\/h:1080\/q:mauto\/ig:avif\/https:\/\/haim.ee\/wp-content\/uploads\/2025\/03\/IMG_1460-scaled.jpg 2048w, https:\\/\\/mlmucukjyiv0.i.optimole.com\\/w:480\\/h:600\\/q:mauto\\/ig:avif\\/https:\\/\\/haim.ee\\/wp-content\\/uploads\\/2025\\/03\\/IMG_1460-scaled.jpg 480w, https:\\/\\/mlmucukjyiv0.i.optimole.com\\/w:863\\/h:1080\\/q:mauto\\/ig:avif\\/https:\\/\\/haim.ee\\/wp-content\\/uploads\\/2025\\/03\\/IMG_1460-scaled.jpg 1680w, https:\\/\\/mlmucukjyiv0.i.optimole.com\\/w:768\\/h:960\\/q:mauto\\/ig:avif\\/https:\\/\\/haim.ee\\/wp-content\\/uploads\\/2025\\/03\\/IMG_1460-scaled.jpg 768w, https:\/\/mlmucukjyiv0.i.optimole.com\/w:864\/h:1080\/q:mauto\/ig:avif\/https:\/\/haim.ee\/wp-content\/uploads\/2025\/03\/IMG_1460-scaled.jpg 1229w, https:\\/\\/mlmucukjyiv0.i.optimole.com\\/w:863\\/h:1080\\/q:mauto\\/ig:avif\\/https:\\/\\/haim.ee\\/wp-content\\/uploads\\/2025\\/03\\/IMG_1460-scaled.jpg 1638w, https:\\/\\/mlmucukjyiv0.i.optimole.com\\/w:10\\/h:12\\/q:mauto\\/ig:avif\\/dpr:2\\/https:\\/\\/haim.ee\\/wp-content\\/uploads\\/2025\\/03\\/IMG_1460-scaled.jpg 10w, https:\\/\\/mlmucukjyiv0.i.optimole.com\\/w:600\\/h:750\\/q:mauto\\/ig:avif\\/https:\\/\\/haim.ee\\/wp-content\\/uploads\\/2025\\/03\\/IMG_1460-scaled.jpg 600w\\\" sizes=\\\"(max-width: 1340px) 100vw, 1340px\\\" \\\/>\\t\\t\\t\\t\\t\\t\\t\\t\\t\\t\\t\\t\\t\\t\\t<\\\/div>\\n\\t\\t\\t\\t<\\\/div>\\n\\t\\t\\t\\t\\t<\\\/div>\\n\\t\\t<\\\/div>\\n\\t\\t\\t\\t\\t<\\\/div>\\n\\t\\t<\\\/section>\\n\\t\\t\",\"scripts\":[],\"styles\":[]}}"]},"uagb_featured_image_src":{"full":false,"thumbnail":false,"medium":false,"medium_large":false,"large":false,"1536x1536":false,"2048x2048":false,"trp-custom-language-flag":false,"woocommerce_thumbnail":false,"woocommerce_single":false,"woocommerce_gallery_thumbnail":false},"uagb_author_info":{"display_name":"admin","author_link":"https:\/\/haim.ee\/en\/author\/admin\/"},"uagb_comment_info":0,"uagb_excerpt":"PIGMENDID Toonime oma tooteid erinevate mineraalpigmentide, metallioksiidide ja ohutute s\u00fcnteetiliste pigmentidega. Pakume laias valikus mineraalpigmente, metallioksiidide ning ohutuid s\u00fcnteetilisi pigmente, millega toonime enda pakutavaid tooteid. K\u00f5ik meie pigmendid on lubjakindlad, pleekimiskindlad ning omavahel segatavad. Meie pigmendid pole m\u00fcrgised ning neid on lubatud kasutada laste m\u00e4nguasjade v\u00e4rvimiseks.","jetpack_sharing_enabled":true,"_links":{"self":[{"href":"https:\/\/haim.ee\/en\/wp-json\/wp\/v2\/pages\/92","targetHints":{"allow":["GET"]}}],"collection":[{"href":"https:\/\/haim.ee\/en\/wp-json\/wp\/v2\/pages"}],"about":[{"href":"https:\/\/haim.ee\/en\/wp-json\/wp\/v2\/types\/page"}],"author":[{"embeddable":true,"href":"https:\/\/haim.ee\/en\/wp-json\/wp\/v2\/users\/1"}],"replies":[{"embeddable":true,"href":"https:\/\/haim.ee\/en\/wp-json\/wp\/v2\/comments?post=92"}],"version-history":[{"count":10,"href":"https:\/\/haim.ee\/en\/wp-json\/wp\/v2\/pages\/92\/revisions"}],"predecessor-version":[{"id":2370,"href":"https:\/\/haim.ee\/en\/wp-json\/wp\/v2\/pages\/92\/revisions\/2370"}],"wp:attachment":[{"href":"https:\/\/haim.ee\/en\/wp-json\/wp\/v2\/media?parent=92"}],"curies":[{"name":"wp","href":"https:\/\/api.w.org\/{rel}","templated":true}]}}